{"id":15984,"date":"2023-03-06T11:49:33","date_gmt":"2023-03-06T10:49:33","guid":{"rendered":"https:\/\/lesibille.it\/lesibille\/product\/beetle-ring-2\/"},"modified":"2023-04-05T08:26:07","modified_gmt":"2023-04-05T06:26:07","slug":"scarabeo-ring","status":"publish","type":"product","link":"https:\/\/lesibille.it\/lesibille\/product\/scarabeo-ring\/","title":{"rendered":"Scarabeo Ring"},"content":{"rendered":"<p>The Beetle ring in 18-karat gold, made with the ancient technique of the Small Roman Mosaic, is characterized by the pinkish shades, a symbol of trust, and the shades of green and blue of the beetle, an ancient symbol of rebirth and good luck. It features the internal engraving \u201cFortuna Audaces Iuvat\u201d (\u201cFortune favors those who dare\u201d): an amulet-ring for the bravest, and for those who still have to find the courage within themselves. For those who are not afraid to dare, to experiment, because luck will always be at the side of those who have courage.<\/p>\n<p>&nbsp;<\/p>\n<ul>\n<li>2.7 GR 18KT GOLD<\/li>\n<li>SMALL ROMAN MOSAIC DECORATIONS<\/li>\n<\/ul>\n<p>&nbsp;<\/p>\n<p>Made in Rome<\/p>\n","protected":false},"excerpt":{"rendered":"<p>The Beetle ring in 18-karat gold, made with the ancient technique of the Small Roman Mosaic, is characterized by the pinkish shades, a symbol of trust, and the shades of green and blue of the beetle, an ancient symbol of rebirth and good luck. It features the internal engraving \u201cFortuna Audaces Iuvat\u201d (\u201cFortune favors those who dare\u201d): an amulet-ring for the bravest, and for those who still have to find the courage within themselves. For those who are not afraid to dare, to experiment, because luck will always be at the side of those who have courage.<\/p>\n<p><em>L&#8217;anello Beetle in oro 18 carati, realizzato con l&#8217;antica tecnica del Mosaico Minuto Romano, si caratterizza per le tonalit\u00e0 rosacee, simbolo di fiducia, e le tonalit\u00e0 di verde e blu dello scarabeo, antico simbolo di rinascita e buona sorte. Presenta l&#8217;incisione interna \u201cFortuna Audaces Iuvat\u201d (\u201cLa fortuna aiuta gli audaci\u201d): un anello-amuleto per i pi\u00f9 coraggiosi, e per chi ancora deve trovare il coraggio dentro di s\u00e9. Per chi non ha paura di osare, di sperimentare, perch\u00e9 la fortuna sar\u00e0 sempre al fianco di chi ha coraggio.<\/em><\/p>\n","protected":false},"featured_media":19218,"template":"","meta":[],"product_brand":[],"product_cat":[245,144],"product_tag":[],"class_list":{"0":"post-15984","1":"product","2":"type-product","3":"status-publish","4":"has-post-thumbnail","6":"product_cat-le-sibille-x-donna-jewel","7":"product_cat-rings","9":"first","10":"instock","11":"shipping-taxable","12":"purchasable","13":"product-type-simple"},"yoast_head":"<!-- This site is optimized with the Yoast SEO plugin v26.8 - https:\/\/yoast.com\/product\/yoast-seo-wordpress\/ -->\n<title>Scarabeo Ring | Le Sibille Atelier Roma<\/title>\n<meta name=\"description\" content=\"An ancient symbol of rebirth and good luck in a handcrafted jewel with Small Roman Mosaic decorations. Visit the website to see its full beauty.\" \/>\n<meta name=\"robots\" content=\"index, follow, max-snippet:-1, max-image-preview:large, max-video-preview:-1\" \/>\n<link rel=\"canonical\" href=\"https:\/\/lesibille.it\/lesibille\/product\/scarabeo-ring\/\" \/>\n<meta property=\"og:locale\" content=\"it_IT\" \/>\n<meta property=\"og:type\" content=\"article\" \/>\n<meta property=\"og:title\" content=\"Scarabeo Ring | Le Sibille Atelier Roma\" \/>\n<meta property=\"og:description\" content=\"An ancient symbol of rebirth and good luck in a handcrafted jewel with Small Roman Mosaic decorations. Visit the website to see its full beauty.\" \/>\n<meta property=\"og:url\" content=\"https:\/\/lesibille.it\/lesibille\/product\/scarabeo-ring\/\" \/>\n<meta property=\"og:site_name\" content=\"Le Sibille Atelier Roma\" \/>\n<meta property=\"article:publisher\" content=\"https:\/\/www.facebook.com\/lesibilleroma\/\" \/>\n<meta property=\"article:modified_time\" content=\"2023-04-05T06:26:07+00:00\" \/>\n<meta property=\"og:image\" content=\"https:\/\/lesibille.it\/lesibille\/wp-content\/uploads\/2023\/03\/AN-Capsule_Fortuna.jpg\" \/>\n\t<meta property=\"og:image:width\" content=\"1200\" \/>\n\t<meta property=\"og:image:height\" content=\"1200\" \/>\n\t<meta property=\"og:image:type\" content=\"image\/jpeg\" \/>\n<meta name=\"twitter:card\" content=\"summary_large_image\" \/>\n<meta name=\"twitter:label1\" content=\"Tempo di lettura stimato\" \/>\n\t<meta name=\"twitter:data1\" content=\"1 minuto\" \/>\n<script type=\"application\/ld+json\" class=\"yoast-schema-graph\">{\"@context\":\"https:\/\/schema.org\",\"@graph\":[{\"@type\":\"WebPage\",\"@id\":\"https:\/\/lesibille.it\/lesibille\/product\/scarabeo-ring\/\",\"url\":\"https:\/\/lesibille.it\/lesibille\/product\/scarabeo-ring\/\",\"name\":\"Scarabeo Ring | Le Sibille Atelier Roma\",\"isPartOf\":{\"@id\":\"https:\/\/lesibille.it\/lesibille\/#website\"},\"primaryImageOfPage\":{\"@id\":\"https:\/\/lesibille.it\/lesibille\/product\/scarabeo-ring\/#primaryimage\"},\"image\":{\"@id\":\"https:\/\/lesibille.it\/lesibille\/product\/scarabeo-ring\/#primaryimage\"},\"thumbnailUrl\":\"https:\/\/lesibille.it\/lesibille\/wp-content\/uploads\/2023\/03\/scarabeo-ring-f.jpg\",\"datePublished\":\"2023-03-06T10:49:33+00:00\",\"dateModified\":\"2023-04-05T06:26:07+00:00\",\"description\":\"An ancient symbol of rebirth and good luck in a handcrafted jewel with Small Roman Mosaic decorations. Visit the website to see its full beauty.\",\"breadcrumb\":{\"@id\":\"https:\/\/lesibille.it\/lesibille\/product\/scarabeo-ring\/#breadcrumb\"},\"inLanguage\":\"it-IT\",\"potentialAction\":[{\"@type\":\"ReadAction\",\"target\":[\"https:\/\/lesibille.it\/lesibille\/product\/scarabeo-ring\/\"]}]},{\"@type\":\"ImageObject\",\"inLanguage\":\"it-IT\",\"@id\":\"https:\/\/lesibille.it\/lesibille\/product\/scarabeo-ring\/#primaryimage\",\"url\":\"https:\/\/lesibille.it\/lesibille\/wp-content\/uploads\/2023\/03\/scarabeo-ring-f.jpg\",\"contentUrl\":\"https:\/\/lesibille.it\/lesibille\/wp-content\/uploads\/2023\/03\/scarabeo-ring-f.jpg\",\"width\":1500,\"height\":1500,\"caption\":\"Scarabeo Ring front view\"},{\"@type\":\"BreadcrumbList\",\"@id\":\"https:\/\/lesibille.it\/lesibille\/product\/scarabeo-ring\/#breadcrumb\",\"itemListElement\":[{\"@type\":\"ListItem\",\"position\":1,\"name\":\"Home\",\"item\":\"https:\/\/lesibille.it\/lesibille\/\"},{\"@type\":\"ListItem\",\"position\":2,\"name\":\"Shop\",\"item\":\"https:\/\/lesibille.it\/lesibille\/shop\/\"},{\"@type\":\"ListItem\",\"position\":3,\"name\":\"Scarabeo Ring\"}]},{\"@type\":\"WebSite\",\"@id\":\"https:\/\/lesibille.it\/lesibille\/#website\",\"url\":\"https:\/\/lesibille.it\/lesibille\/\",\"name\":\"Le Sibille\",\"description\":\"Micromosaic Treasures\",\"publisher\":{\"@id\":\"https:\/\/lesibille.it\/lesibille\/#organization\"},\"potentialAction\":[{\"@type\":\"SearchAction\",\"target\":{\"@type\":\"EntryPoint\",\"urlTemplate\":\"https:\/\/lesibille.it\/lesibille\/?s={search_term_string}\"},\"query-input\":{\"@type\":\"PropertyValueSpecification\",\"valueRequired\":true,\"valueName\":\"search_term_string\"}}],\"inLanguage\":\"it-IT\"},{\"@type\":\"Organization\",\"@id\":\"https:\/\/lesibille.it\/lesibille\/#organization\",\"name\":\"Le Sibille\",\"url\":\"https:\/\/lesibille.it\/lesibille\/\",\"logo\":{\"@type\":\"ImageObject\",\"inLanguage\":\"it-IT\",\"@id\":\"https:\/\/lesibille.it\/lesibille\/#\/schema\/logo\/image\/\",\"url\":\"https:\/\/lesibille.it\/lesibille\/wp-content\/uploads\/2022\/02\/le-sibille-logo.svg\",\"contentUrl\":\"https:\/\/lesibille.it\/lesibille\/wp-content\/uploads\/2022\/02\/le-sibille-logo.svg\",\"width\":283,\"height\":154,\"caption\":\"Le Sibille\"},\"image\":{\"@id\":\"https:\/\/lesibille.it\/lesibille\/#\/schema\/logo\/image\/\"},\"sameAs\":[\"https:\/\/www.facebook.com\/lesibilleroma\/\",\"https:\/\/www.instagram.com\/lesibille\/?igshid=YmMyMTA2M2Y\"]}]}<\/script>\n<!-- \/ Yoast SEO plugin. -->","yoast_head_json":{"title":"Scarabeo Ring | Le Sibille Atelier Roma","description":"An ancient symbol of rebirth and good luck in a handcrafted jewel with Small Roman Mosaic decorations. Visit the website to see its full beauty.","robots":{"index":"index","follow":"follow","max-snippet":"max-snippet:-1","max-image-preview":"max-image-preview:large","max-video-preview":"max-video-preview:-1"},"canonical":"https:\/\/lesibille.it\/lesibille\/product\/scarabeo-ring\/","og_locale":"it_IT","og_type":"article","og_title":"Scarabeo Ring | Le Sibille Atelier Roma","og_description":"An ancient symbol of rebirth and good luck in a handcrafted jewel with Small Roman Mosaic decorations. Visit the website to see its full beauty.","og_url":"https:\/\/lesibille.it\/lesibille\/product\/scarabeo-ring\/","og_site_name":"Le Sibille Atelier Roma","article_publisher":"https:\/\/www.facebook.com\/lesibilleroma\/","article_modified_time":"2023-04-05T06:26:07+00:00","og_image":[{"width":1200,"height":1200,"url":"https:\/\/lesibille.it\/lesibille\/wp-content\/uploads\/2023\/03\/AN-Capsule_Fortuna.jpg","type":"image\/jpeg"}],"twitter_card":"summary_large_image","twitter_misc":{"Tempo di lettura stimato":"1 minuto"},"schema":{"@context":"https:\/\/schema.org","@graph":[{"@type":"WebPage","@id":"https:\/\/lesibille.it\/lesibille\/product\/scarabeo-ring\/","url":"https:\/\/lesibille.it\/lesibille\/product\/scarabeo-ring\/","name":"Scarabeo Ring | Le Sibille Atelier Roma","isPartOf":{"@id":"https:\/\/lesibille.it\/lesibille\/#website"},"primaryImageOfPage":{"@id":"https:\/\/lesibille.it\/lesibille\/product\/scarabeo-ring\/#primaryimage"},"image":{"@id":"https:\/\/lesibille.it\/lesibille\/product\/scarabeo-ring\/#primaryimage"},"thumbnailUrl":"https:\/\/lesibille.it\/lesibille\/wp-content\/uploads\/2023\/03\/scarabeo-ring-f.jpg","datePublished":"2023-03-06T10:49:33+00:00","dateModified":"2023-04-05T06:26:07+00:00","description":"An ancient symbol of rebirth and good luck in a handcrafted jewel with Small Roman Mosaic decorations. Visit the website to see its full beauty.","breadcrumb":{"@id":"https:\/\/lesibille.it\/lesibille\/product\/scarabeo-ring\/#breadcrumb"},"inLanguage":"it-IT","potentialAction":[{"@type":"ReadAction","target":["https:\/\/lesibille.it\/lesibille\/product\/scarabeo-ring\/"]}]},{"@type":"ImageObject","inLanguage":"it-IT","@id":"https:\/\/lesibille.it\/lesibille\/product\/scarabeo-ring\/#primaryimage","url":"https:\/\/lesibille.it\/lesibille\/wp-content\/uploads\/2023\/03\/scarabeo-ring-f.jpg","contentUrl":"https:\/\/lesibille.it\/lesibille\/wp-content\/uploads\/2023\/03\/scarabeo-ring-f.jpg","width":1500,"height":1500,"caption":"Scarabeo Ring front view"},{"@type":"BreadcrumbList","@id":"https:\/\/lesibille.it\/lesibille\/product\/scarabeo-ring\/#breadcrumb","itemListElement":[{"@type":"ListItem","position":1,"name":"Home","item":"https:\/\/lesibille.it\/lesibille\/"},{"@type":"ListItem","position":2,"name":"Shop","item":"https:\/\/lesibille.it\/lesibille\/shop\/"},{"@type":"ListItem","position":3,"name":"Scarabeo Ring"}]},{"@type":"WebSite","@id":"https:\/\/lesibille.it\/lesibille\/#website","url":"https:\/\/lesibille.it\/lesibille\/","name":"Le Sibille","description":"Micromosaic Treasures","publisher":{"@id":"https:\/\/lesibille.it\/lesibille\/#organization"},"potentialAction":[{"@type":"SearchAction","target":{"@type":"EntryPoint","urlTemplate":"https:\/\/lesibille.it\/lesibille\/?s={search_term_string}"},"query-input":{"@type":"PropertyValueSpecification","valueRequired":true,"valueName":"search_term_string"}}],"inLanguage":"it-IT"},{"@type":"Organization","@id":"https:\/\/lesibille.it\/lesibille\/#organization","name":"Le Sibille","url":"https:\/\/lesibille.it\/lesibille\/","logo":{"@type":"ImageObject","inLanguage":"it-IT","@id":"https:\/\/lesibille.it\/lesibille\/#\/schema\/logo\/image\/","url":"https:\/\/lesibille.it\/lesibille\/wp-content\/uploads\/2022\/02\/le-sibille-logo.svg","contentUrl":"https:\/\/lesibille.it\/lesibille\/wp-content\/uploads\/2022\/02\/le-sibille-logo.svg","width":283,"height":154,"caption":"Le Sibille"},"image":{"@id":"https:\/\/lesibille.it\/lesibille\/#\/schema\/logo\/image\/"},"sameAs":["https:\/\/www.facebook.com\/lesibilleroma\/","https:\/\/www.instagram.com\/lesibille\/?igshid=YmMyMTA2M2Y"]}]}},"_links":{"self":[{"href":"https:\/\/lesibille.it\/lesibille\/wp-json\/wp\/v2\/product\/15984","targetHints":{"allow":["GET"]}}],"collection":[{"href":"https:\/\/lesibille.it\/lesibille\/wp-json\/wp\/v2\/product"}],"about":[{"href":"https:\/\/lesibille.it\/lesibille\/wp-json\/wp\/v2\/types\/product"}],"wp:featuredmedia":[{"embeddable":true,"href":"https:\/\/lesibille.it\/lesibille\/wp-json\/wp\/v2\/media\/19218"}],"wp:attachment":[{"href":"https:\/\/lesibille.it\/lesibille\/wp-json\/wp\/v2\/media?parent=15984"}],"wp:term":[{"taxonomy":"product_brand","embeddable":true,"href":"https:\/\/lesibille.it\/lesibille\/wp-json\/wp\/v2\/product_brand?post=15984"},{"taxonomy":"product_cat","embeddable":true,"href":"https:\/\/lesibille.it\/lesibille\/wp-json\/wp\/v2\/product_cat?post=15984"},{"taxonomy":"product_tag","embeddable":true,"href":"https:\/\/lesibille.it\/lesibille\/wp-json\/wp\/v2\/product_tag?post=15984"}],"curies":[{"name":"wp","href":"https:\/\/api.w.org\/{rel}","templated":true}]}}